{"id":2,"date":"2019-01-20T05:25:39","date_gmt":"2019-01-20T05:25:39","guid":{"rendered":"http:\/\/acentoempresarial.com\/gauffeny\/?page_id=2"},"modified":"2020-02-10T05:39:11","modified_gmt":"2020-02-10T05:39:11","slug":"shoping","status":"publish","type":"page","link":"https:\/\/acentoempresarial.com\/gauffeny\/index.php\/shoping\/","title":{"rendered":"Shopping"},"content":{"rendered":"\t\t<div data-elementor-type=\"post\" data-elementor-id=\"2\" class=\"elementor elementor-2\" data-elementor-settings=\"[]\">\n\t\t\t<div class=\"elementor-inner\">\n\t\t\t\t<div class=\"elementor-section-wrap\">\n\t\t\t\t\t\t\t<section class=\"elementor-element elementor-element-6bb73f9 elementor-section-boxed elementor-section-height-default elementor-section-height-default elementor-section elementor-top-section\" data-id=\"6bb73f9\" data-element_type=\"section\">\n\t\t\t\t\t\t<div class=\"elementor-container elementor-column-gap-default\">\n\t\t\t\t<div class=\"elementor-row\">\n\t\t\t\t<div class=\"elementor-element elementor-element-7de239f elementor-column elementor-col-100 elementor-top-column\" data-id=\"7de239f\" data-element_type=\"column\">\n\t\t\t<div class=\"elementor-column-wrap  elementor-element-populated\">\n\t\t\t\t\t<div class=\"elementor-widget-wrap\">\n\t\t\t\t<div class=\"elementor-element elementor-element-3c37805 elementor-widget elementor-widget-heading\" data-id=\"3c37805\" data-element_type=\"widget\" data-widget_type=\"heading.default\">\n\t\t\t\t<div class=\"elementor-widget-container\">\n\t\t\t<h2 class=\"elementor-heading-title elementor-size-default\">Llegaste!!!  <br><br>TIENDA VIRTUAL<br><br>Encontrar\u00e1s lo que buscas en alguna de las tres categor\u00edas de productos que manejo....<\/h2>\t\t<\/div>\n\t\t\t\t<\/div>\n\t\t\t\t\t\t<\/div>\n\t\t\t<\/div>\n\t\t<\/div>\n\t\t\t\t\t\t<\/div>\n\t\t\t<\/div>\n\t\t<\/section>\n\t\t\t\t<section class=\"elementor-element elementor-element-416e51f elementor-section-boxed elementor-section-height-default elementor-section-height-default elementor-section elementor-top-section\" data-id=\"416e51f\" data-element_type=\"section\">\n\t\t\t\t\t\t<div class=\"elementor-container elementor-column-gap-default\">\n\t\t\t\t<div class=\"elementor-row\">\n\t\t\t\t<div class=\"elementor-element elementor-element-3da9a22 elementor-column elementor-col-100 elementor-top-column\" data-id=\"3da9a22\" data-element_type=\"column\">\n\t\t\t<div class=\"elementor-column-wrap  elementor-element-populated\">\n\t\t\t\t\t<div class=\"elementor-widget-wrap\">\n\t\t\t\t<div class=\"elementor-element elementor-element-48b2886 elementor-widget elementor-widget-wp-widget-woocommerce_product_categories\" data-id=\"48b2886\" data-element_type=\"widget\" data-widget_type=\"wp-widget-woocommerce_product_categories.default\">\n\t\t\t\t<div class=\"elementor-widget-container\">\n\t\t\t<h5>Categor\u00edas de productos<\/h5><select  name='product_cat' id='product_cat' class='dropdown_product_cat'>\n\t<option value='' selected='selected'>Select a category<\/option>\n\t<option class=\"level-0\" value=\"fotos\">Descarga Digital&nbsp;&nbsp;(4)<\/option>\n\t<option class=\"level-1\" value=\"cultura\">&nbsp;&nbsp;&nbsp;Cultura&nbsp;&nbsp;(2)<\/option>\n\t<option class=\"level-1\" value=\"naturaleza\">&nbsp;&nbsp;&nbsp;Naturaleza&nbsp;&nbsp;(2)<\/option>\n\t<option class=\"level-0\" value=\"cuadros\">Cuadros &amp; Arte&nbsp;&nbsp;(0)<\/option>\n\t<option class=\"level-0\" value=\"fotografia-conceptual\">Fotograf\u00eda Conceptual&nbsp;&nbsp;(0)<\/option>\n<\/select>\n\t\t<\/div>\n\t\t\t\t<\/div>\n\t\t\t\t\t\t<\/div>\n\t\t\t<\/div>\n\t\t<\/div>\n\t\t\t\t\t\t<\/div>\n\t\t\t<\/div>\n\t\t<\/section>\n\t\t\t\t<section class=\"elementor-element elementor-element-4272327 elementor-section-boxed elementor-section-height-default elementor-section-height-default elementor-section elementor-top-section\" data-id=\"4272327\" data-element_type=\"section\">\n\t\t\t\t\t\t<div class=\"elementor-container elementor-column-gap-default\">\n\t\t\t\t<div class=\"elementor-row\">\n\t\t\t\t<div class=\"elementor-element elementor-element-40a27e5 elementor-column elementor-col-33 elementor-top-column\" data-id=\"40a27e5\" data-element_type=\"column\">\n\t\t\t<div class=\"elementor-column-wrap  elementor-element-populated\">\n\t\t\t\t\t<div class=\"elementor-widget-wrap\">\n\t\t\t\t<div class=\"elementor-element elementor-element-4506b9c elementor-widget elementor-widget-image-gallery\" data-id=\"4506b9c\" data-element_type=\"widget\" data-widget_type=\"image-gallery.default\">\n\t\t\t\t<div class=\"elementor-widget-container\">\n\t\t\t\t\t<div class=\"elementor-image-gallery\">\n\t\t\t\n\t\t<style type=\"text\/css\">\n\t\t\t#gallery-1 {\n\t\t\t\tmargin: auto;\n\t\t\t}\n\t\t\t#gallery-1 .gallery-item {\n\t\t\t\tfloat: left;\n\t\t\t\tmargin-top: 10px;\n\t\t\t\ttext-align: center;\n\t\t\t\twidth: 33%;\n\t\t\t}\n\t\t\t#gallery-1 img {\n\t\t\t\tborder: 2px solid #cfcfcf;\n\t\t\t}\n\t\t\t#gallery-1 .gallery-caption {\n\t\t\t\tmargin-left: 0;\n\t\t\t}\n\t\t\t\/* see gallery_shortcode() in wp-includes\/media.php *\/\n\t\t<\/style>\n\t\t<div id='gallery-1' class='gallery galleryid-2 gallery-columns-3 gallery-size-thumbnail'><dl class='gallery-item'>\n\t\t\t<dt class='gallery-icon landscape'>\n\t\t\t\t<img loading=\"lazy\" decoding=\"async\" width=\"150\" height=\"150\" src=\"https:\/\/acentoempresarial.com\/gauffeny\/wp-content\/uploads\/2020\/02\/Yoga_12-150x150.jpg\" class=\"attachment-thumbnail size-thumbnail\" alt=\"\" srcset=\"https:\/\/acentoempresarial.com\/gauffeny\/wp-content\/uploads\/2020\/02\/Yoga_12-150x150.jpg 150w, https:\/\/acentoempresarial.com\/gauffeny\/wp-content\/uploads\/2020\/02\/Yoga_12-100x100.jpg 100w\" sizes=\"auto, (max-width: 150px) 100vw, 150px\" \/>\n\t\t\t<\/dt><\/dl><dl class='gallery-item'>\n\t\t\t<dt class='gallery-icon landscape'>\n\t\t\t\t<img loading=\"lazy\" decoding=\"async\" width=\"150\" height=\"150\" src=\"https:\/\/acentoempresarial.com\/gauffeny\/wp-content\/uploads\/2019\/05\/007_Calaca-de-Cabeza-150x150.jpg\" class=\"attachment-thumbnail size-thumbnail\" alt=\"\" srcset=\"https:\/\/acentoempresarial.com\/gauffeny\/wp-content\/uploads\/2019\/05\/007_Calaca-de-Cabeza-150x150.jpg 150w, https:\/\/acentoempresarial.com\/gauffeny\/wp-content\/uploads\/2019\/05\/007_Calaca-de-Cabeza-300x300.jpg 300w, https:\/\/acentoempresarial.com\/gauffeny\/wp-content\/uploads\/2019\/05\/007_Calaca-de-Cabeza-100x100.jpg 100w\" sizes=\"auto, (max-width: 150px) 100vw, 150px\" \/>\n\t\t\t<\/dt><\/dl><dl class='gallery-item'>\n\t\t\t<dt class='gallery-icon landscape'>\n\t\t\t\t<img loading=\"lazy\" decoding=\"async\" width=\"150\" height=\"150\" src=\"https:\/\/acentoempresarial.com\/gauffeny\/wp-content\/uploads\/2019\/05\/Verde-en-Rally-150x150.jpg\" class=\"attachment-thumbnail size-thumbnail\" alt=\"\" srcset=\"https:\/\/acentoempresarial.com\/gauffeny\/wp-content\/uploads\/2019\/05\/Verde-en-Rally-150x150.jpg 150w, https:\/\/acentoempresarial.com\/gauffeny\/wp-content\/uploads\/2019\/05\/Verde-en-Rally-300x300.jpg 300w, https:\/\/acentoempresarial.com\/gauffeny\/wp-content\/uploads\/2019\/05\/Verde-en-Rally-100x100.jpg 100w\" sizes=\"auto, (max-width: 150px) 100vw, 150px\" \/>\n\t\t\t<\/dt><\/dl><br style=\"clear: both\" \/><dl class='gallery-item'>\n\t\t\t<dt class='gallery-icon portrait'>\n\t\t\t\t<img loading=\"lazy\" decoding=\"async\" width=\"150\" height=\"150\" src=\"https:\/\/acentoempresarial.com\/gauffeny\/wp-content\/uploads\/2019\/05\/Conejo-en-la-Luna-150x150.jpg\" class=\"attachment-thumbnail size-thumbnail\" alt=\"\" srcset=\"https:\/\/acentoempresarial.com\/gauffeny\/wp-content\/uploads\/2019\/05\/Conejo-en-la-Luna-150x150.jpg 150w, https:\/\/acentoempresarial.com\/gauffeny\/wp-content\/uploads\/2019\/05\/Conejo-en-la-Luna-300x300.jpg 300w, https:\/\/acentoempresarial.com\/gauffeny\/wp-content\/uploads\/2019\/05\/Conejo-en-la-Luna-100x100.jpg 100w\" sizes=\"auto, (max-width: 150px) 100vw, 150px\" \/>\n\t\t\t<\/dt><\/dl><dl class='gallery-item'>\n\t\t\t<dt class='gallery-icon landscape'>\n\t\t\t\t<img loading=\"lazy\" decoding=\"async\" width=\"150\" height=\"150\" src=\"https:\/\/acentoempresarial.com\/gauffeny\/wp-content\/uploads\/2019\/05\/Ballena-Azul-150x150.jpg\" class=\"attachment-thumbnail size-thumbnail\" alt=\"\" srcset=\"https:\/\/acentoempresarial.com\/gauffeny\/wp-content\/uploads\/2019\/05\/Ballena-Azul-150x150.jpg 150w, https:\/\/acentoempresarial.com\/gauffeny\/wp-content\/uploads\/2019\/05\/Ballena-Azul-300x300.jpg 300w, https:\/\/acentoempresarial.com\/gauffeny\/wp-content\/uploads\/2019\/05\/Ballena-Azul-100x100.jpg 100w\" sizes=\"auto, (max-width: 150px) 100vw, 150px\" \/>\n\t\t\t<\/dt><\/dl><dl class='gallery-item'>\n\t\t\t<dt class='gallery-icon landscape'>\n\t\t\t\t<img loading=\"lazy\" decoding=\"async\" width=\"150\" height=\"150\" src=\"https:\/\/acentoempresarial.com\/gauffeny\/wp-content\/uploads\/2019\/05\/Ballena-Gris-150x150.jpg\" class=\"attachment-thumbnail size-thumbnail\" alt=\"\" srcset=\"https:\/\/acentoempresarial.com\/gauffeny\/wp-content\/uploads\/2019\/05\/Ballena-Gris-150x150.jpg 150w, https:\/\/acentoempresarial.com\/gauffeny\/wp-content\/uploads\/2019\/05\/Ballena-Gris-300x300.jpg 300w, https:\/\/acentoempresarial.com\/gauffeny\/wp-content\/uploads\/2019\/05\/Ballena-Gris-100x100.jpg 100w\" sizes=\"auto, (max-width: 150px) 100vw, 150px\" \/>\n\t\t\t<\/dt><\/dl><br style=\"clear: both\" \/>\n\t\t<\/div>\n\t\t<\/div>\n\t\t\t\t<\/div>\n\t\t\t\t<\/div>\n\t\t\t\t<div class=\"elementor-element elementor-element-829dd9c elementor-widget elementor-widget-text-editor\" data-id=\"829dd9c\" data-element_type=\"widget\" data-widget_type=\"text-editor.default\">\n\t\t\t\t<div class=\"elementor-widget-container\">\n\t\t\t\t\t<div class=\"elementor-text-editor elementor-clearfix\"><h3 class=\"elementor-icon-box-title\" style=\"text-align: center;\"><a href=\"https:\/\/acentoempresarial.com\/gauffeny\/index.php\/product-category\/fotos\/\">Descarga Digital<\/a><\/h3><p class=\"elementor-icon-box-description\" style=\"text-align: center;\">Echa un vistazo a la galer\u00eda de fotograf\u00edas disponibles y descargar las que m\u00e1s te agraden a precios accesibles<\/p><\/div>\n\t\t\t\t<\/div>\n\t\t\t\t<\/div>\n\t\t\t\t\t\t<\/div>\n\t\t\t<\/div>\n\t\t<\/div>\n\t\t\t\t<div class=\"elementor-element elementor-element-9a512fe elementor-column elementor-col-33 elementor-top-column\" data-id=\"9a512fe\" data-element_type=\"column\">\n\t\t\t<div class=\"elementor-column-wrap  elementor-element-populated\">\n\t\t\t\t\t<div class=\"elementor-widget-wrap\">\n\t\t\t\t<div class=\"elementor-element elementor-element-b1b8838 elementor-widget elementor-widget-image\" data-id=\"b1b8838\" data-element_type=\"widget\" data-widget_type=\"image.default\">\n\t\t\t\t<div class=\"elementor-widget-container\">\n\t\t\t\t\t<div class=\"elementor-image\">\n\t\t\t\t\t\t\t\t\t\t<img decoding=\"async\" src=\"https:\/\/acentoempresarial.com\/gauffeny\/wp-content\/uploads\/2020\/02\/DSC08916_Patito_Internet.png\" title=\"DSC08916_Patito_Internet\" alt=\"DSC08916_Patito_Internet\" \/>\t\t\t\t\t\t\t\t\t\t\t<\/div>\n\t\t\t\t<\/div>\n\t\t\t\t<\/div>\n\t\t\t\t<div class=\"elementor-element elementor-element-d904901 elementor-widget elementor-widget-text-editor\" data-id=\"d904901\" data-element_type=\"widget\" data-widget_type=\"text-editor.default\">\n\t\t\t\t<div class=\"elementor-widget-container\">\n\t\t\t\t\t<div class=\"elementor-text-editor elementor-clearfix\"><h3 style=\"text-align: center;\"><a href=\"https:\/\/acentoempresarial.com\/gauffeny\/index.php\/product-category\/cuadros\/\"><strong>Cuadros &amp; Arte\u00a0<\/strong><\/a><\/h3>\n<div style=\"text-align: center;\">Te encanta la decoraci\u00f3n en el hogar u oficina, o simplemente quieres regalar un detalle especial.<\/div>\n<div style=\"text-align: center;\">\u00a0<\/div>\n<div style=\"text-align: center;\">Conoce la nueva Galer\u00eda Gamy\u2026 Cuadros Decorativos\u00a0\u00a0<\/div><\/div>\n\t\t\t\t<\/div>\n\t\t\t\t<\/div>\n\t\t\t\t\t\t<\/div>\n\t\t\t<\/div>\n\t\t<\/div>\n\t\t\t\t<div class=\"elementor-element elementor-element-e6f9c27 elementor-column elementor-col-33 elementor-top-column\" data-id=\"e6f9c27\" data-element_type=\"column\">\n\t\t\t<div class=\"elementor-column-wrap  elementor-element-populated\">\n\t\t\t\t\t<div class=\"elementor-widget-wrap\">\n\t\t\t\t<div class=\"elementor-element elementor-element-ab4a72c elementor-widget elementor-widget-image\" data-id=\"ab4a72c\" data-element_type=\"widget\" data-widget_type=\"image.default\">\n\t\t\t\t<div class=\"elementor-widget-container\">\n\t\t\t\t\t<div class=\"elementor-image\">\n\t\t\t\t\t\t\t\t\t\t<img decoding=\"async\" src=\"https:\/\/acentoempresarial.com\/gauffeny\/wp-content\/uploads\/2020\/02\/Buda4_AjustesColor_DSC02782_Internet.jpg\" title=\"Elephant\" alt=\"Fotograf\u00eda Art\u00edstica y Creativa\" \/>\t\t\t\t\t\t\t\t\t\t\t<\/div>\n\t\t\t\t<\/div>\n\t\t\t\t<\/div>\n\t\t\t\t<div class=\"elementor-element elementor-element-5be2874 elementor-widget elementor-widget-text-editor\" data-id=\"5be2874\" data-element_type=\"widget\" data-widget_type=\"text-editor.default\">\n\t\t\t\t<div class=\"elementor-widget-container\">\n\t\t\t\t\t<div class=\"elementor-text-editor elementor-clearfix\"><h3 class=\"elementor-icon-box-title\" style=\"text-align: center;\"><a href=\"https:\/\/acentoempresarial.com\/gauffeny\/index.php\/product-category\/fotografia-conceptual\/\">Fotograf\u00eda conceptual<\/a><\/h3>\n<p class=\"elementor-icon-box-description\" style=\"text-align: center;\">Reserva tu sesi\u00f3n fotografica con la tem\u00e1tica que deseas, fotograf\u00eda de tus momentos, tus productos, tus ideas&#8230;.<\/p><\/div>\n\t\t\t\t<\/div>\n\t\t\t\t<\/div>\n\t\t\t\t\t\t<\/div>\n\t\t\t<\/div>\n\t\t<\/div>\n\t\t\t\t\t\t<\/div>\n\t\t\t<\/div>\n\t\t<\/section>\n\t\t\t\t\t\t<\/div>\n\t\t\t<\/div>\n\t\t<\/div>\n\t\t","protected":false},"excerpt":{"rendered":"<p>Llegaste!!! TIENDA VIRTUAL Encontrar\u00e1s lo que buscas en alguna de las tres categor\u00edas de productos que manejo&#8230;. Descarga Digital Echa un vistazo a la galer\u00eda de fotograf\u00edas disponibles y descargar las que m\u00e1s te agraden a precios accesibles Cuadros &amp; Arte\u00a0 Te encanta la decoraci\u00f3n en el hogar u oficina, o simplemente quieres regalar un [&hellip;]<\/p>\n","protected":false},"author":1,"featured_media":55,"parent":0,"menu_order":0,"comment_status":"closed","ping_status":"closed","template":"","meta":{"footnotes":""},"class_list":["post-2","page","type-page","status-publish","has-post-thumbnail","hentry"],"_links":{"self":[{"href":"https:\/\/acentoempresarial.com\/gauffeny\/index.php\/wp-json\/wp\/v2\/pages\/2","targetHints":{"allow":["GET"]}}],"collection":[{"href":"https:\/\/acentoempresarial.com\/gauffeny\/index.php\/wp-json\/wp\/v2\/pages"}],"about":[{"href":"https:\/\/acentoempresarial.com\/gauffeny\/index.php\/wp-json\/wp\/v2\/types\/page"}],"author":[{"embeddable":true,"href":"https:\/\/acentoempresarial.com\/gauffeny\/index.php\/wp-json\/wp\/v2\/users\/1"}],"replies":[{"embeddable":true,"href":"https:\/\/acentoempresarial.com\/gauffeny\/index.php\/wp-json\/wp\/v2\/comments?post=2"}],"version-history":[{"count":14,"href":"https:\/\/acentoempresarial.com\/gauffeny\/index.php\/wp-json\/wp\/v2\/pages\/2\/revisions"}],"predecessor-version":[{"id":292,"href":"https:\/\/acentoempresarial.com\/gauffeny\/index.php\/wp-json\/wp\/v2\/pages\/2\/revisions\/292"}],"wp:featuredmedia":[{"embeddable":true,"href":"https:\/\/acentoempresarial.com\/gauffeny\/index.php\/wp-json\/wp\/v2\/media\/55"}],"wp:attachment":[{"href":"https:\/\/acentoempresarial.com\/gauffeny\/index.php\/wp-json\/wp\/v2\/media?parent=2"}],"curies":[{"name":"wp","href":"https:\/\/api.w.org\/{rel}","templated":true}]}}